{"id":1663,"date":"2017-11-13T09:37:54","date_gmt":"2017-11-13T08:37:54","guid":{"rendered":"http:\/\/www.igmm.cnrs.fr\/conseil-scientifique-consultatif-externe-evaluation-aeres\/"},"modified":"2024-12-20T12:02:54","modified_gmt":"2024-12-20T11:02:54","slug":"conseil-scientifique-consultatif-externe-evaluation-aeres","status":"publish","type":"page","link":"https:\/\/www.igmm.cnrs.fr\/en\/institute\/introduction\/conseil-scientifique-consultatif-externe-evaluation-aeres\/","title":{"rendered":"External Scientific Advisory Board SAB and HCERES Evaluation"},"content":{"rendered":"<div id=\"pl-1663\"  class=\"panel-layout\" ><div id=\"pg-1663-0\"  class=\"panel-grid panel-no-style\" ><div id=\"pgc-1663-0-0\"  class=\"panel-grid-cell panel-grid-cell-empty\" ><\/div><div id=\"pgc-1663-0-1\"  class=\"panel-grid-cell panel-grid-cell-mobile-last\" ><div id=\"panel-1663-0-1-0\" class=\"so-panel widget widget_sow-editor panel-first-child panel-last-child\" data-index=\"0\" ><div\n\t\t\t\n\t\t\tclass=\"so-widget-sow-editor so-widget-sow-editor-base\"\n\t\t\t\n\t\t>\n<div class=\"siteorigin-widget-tinymce textwidget\">\n\t<h3><strong>The External Scientific Advisory Board SAB\u00a0<\/strong><\/h3>\n<p style=\"text-align: justify;\">The External Scientific Advisory Board\u00a0<strong>(SAB)<\/strong> of IGMM examines the overall activity of the Institute as well as that of its constituting teams at regular intervals. The SAB is also consulted on the evaluation of applications for group leader positions and on other major scientific policy issues of the Institute. The SAB advice complements the evaluation of the HCERES\u00a0 (Haut Conseil de l\u2019\u00e9valuation de la recherche et de l\u2019enseignement sup\u00e9rieur).<\/p>\n<p style=\"text-align: justify;\">The members of IGMM SAB 2025 are:<\/p>\n<h5><strong>Chairman<\/strong><\/h5>\n<ul>\n<li>Genevi\u00e8ve ALMOUZNI (Institut Curie, Paris)<\/li>\n<\/ul>\n<h5><strong>Members<\/strong><\/h5>\n<ul>\n<li>Ali AMARA (Hop St Louis, Paris)<\/li>\n<li>Fatima GEBAUER (CRG Barcelona)<\/li>\n<li>Gioacchino NATOLI (EIO Milano)<\/li>\n<li>Daniel OLIVE (IPC Marseille)<\/li>\n<li>Ritwick SAWARKAR (U Cambridge, UK)<\/li>\n<li>Helle ULRICH (IMB Mainz)<\/li>\n<li>Michiel VERMEULEN (NKI Amsterdam)<\/li>\n<\/ul>\n<h3><strong>2020 HCERES Committee<\/strong><\/h3>\n<p>The <a href=\"https:\/\/www.hceres.fr\/fr\" target=\"_blank\" rel=\"noopener\">HCERES<\/a> is an independent agency for evaluation of French academic research laboratories and universities every 4 to 5 years.<\/p>\n<p>The last evaluation of IGMM was held in 2020 and the members of the AERES committee were:<\/p>\n<h5><strong>Chairman<\/strong><\/h5>\n<ul>\n<li><strong>Laszlo Tora <\/strong>(IGBMC, Strasbourg, France)<\/li>\n<\/ul>\n<h5><strong>Experts<\/strong><\/h5>\n<ul>\n<li>Jacques C\u00f4t\u00e9 (Centre de recherche du CHU de Qu\u00e9bec \u2013 Universit\u00e9 Laval, Canada)<\/li>\n<li>Anne C. Ferguson Smith (Department of Genetics, University of Cambridge, United Kingdom)<\/li>\n<li>Urs Greber (University of Zurich, UZH, Institut f\u00fcr Molekulare Biologi, Switzerland)<\/li>\n<li>M. Fr\u00e9d\u00e9ric Gros (CNU 65) (IBMC, Strasbourg, France)<\/li>\n<li>Niels Mailand (<span class=\"org\">University of Copenhagen,\u00a0<\/span> Denmark )<\/li>\n<li>Olivier Namy (CN 21) (Institute for Integrative Biology of the Cell, I2BC, Paris, France)<\/li>\n<li>Ritwick Sawarka (Max Planck Institute of Immunobiology and Epigenetics, Freiburg, Allemagne)<\/li>\n<li>Shona Murphy (University of Oxford, United kingdom)<\/li>\n<li>Susan Chan (IGBMC, Strasbourg, France)<\/li>\n<li>Yaron Shav-Tal (Faculty of Life Sciences, Bar-Ilan University Ramat-Gan, Israel )<\/li>\n<\/ul>\n<h5><strong>Scientific Delegate of AERES<\/strong><\/h5>\n<ul>\n<li>\u00a0Yacine Graba (IBDM, Marseille, France)<\/li>\n<\/ul>\n<h5><strong>ITA Representative of the National Committee for Scientific Research (CoNRS)<\/strong><\/h5>\n<ul>\n<li>Catherine Birck (PAR) ((IGBMC, Strasbourg, France)<\/li>\n<\/ul>\n<\/div>\n<\/div><\/div><\/div><div id=\"pgc-1663-0-2\"  class=\"panel-grid-cell panel-grid-cell-empty\" ><\/div><\/div><\/div>","protected":false},"excerpt":{"rendered":"<p>The External Scientific Advisory Board SAB\u00a0 The External Scientific Advisory Board\u00a0(SAB) of IGMM examines the overall activity of the Institute as well as that of its constituting teams at regular intervals. The SAB is also consulted on the evaluation of applications for group leader positions and on other major scientific policy issues of the Institute. The SAB advice complements the &hellip; <a href=\"https:\/\/www.igmm.cnrs.fr\/en\/institute\/introduction\/conseil-scientifique-consultatif-externe-evaluation-aeres\/\" class=\"more-link\">Continue reading <span class=\"screen-reader-text\">External Scientific Advisory Board SAB and HCERES Evaluation<\/span><\/a><\/p>\n","protected":false},"author":2,"featured_media":0,"parent":2405,"menu_order":0,"comment_status":"closed","ping_status":"closed","template":"","meta":{"footnotes":""},"class_list":["post-1663","page","type-page","status-publish","hentry"],"_links":{"self":[{"href":"https:\/\/www.igmm.cnrs.fr\/en\/wp-json\/wp\/v2\/pages\/1663","targetHints":{"allow":["GET"]}}],"collection":[{"href":"https:\/\/www.igmm.cnrs.fr\/en\/wp-json\/wp\/v2\/pages"}],"about":[{"href":"https:\/\/www.igmm.cnrs.fr\/en\/wp-json\/wp\/v2\/types\/page"}],"author":[{"embeddable":true,"href":"https:\/\/www.igmm.cnrs.fr\/en\/wp-json\/wp\/v2\/users\/2"}],"replies":[{"embeddable":true,"href":"https:\/\/www.igmm.cnrs.fr\/en\/wp-json\/wp\/v2\/comments?post=1663"}],"version-history":[{"count":17,"href":"https:\/\/www.igmm.cnrs.fr\/en\/wp-json\/wp\/v2\/pages\/1663\/revisions"}],"predecessor-version":[{"id":8969,"href":"https:\/\/www.igmm.cnrs.fr\/en\/wp-json\/wp\/v2\/pages\/1663\/revisions\/8969"}],"up":[{"embeddable":true,"href":"https:\/\/www.igmm.cnrs.fr\/en\/wp-json\/wp\/v2\/pages\/2405"}],"wp:attachment":[{"href":"https:\/\/www.igmm.cnrs.fr\/en\/wp-json\/wp\/v2\/media?parent=1663"}],"curies":[{"name":"wp","href":"https:\/\/api.w.org\/{rel}","templated":true}]}}