{"id":2409,"date":"2017-10-12T15:22:26","date_gmt":"2017-10-12T13:22:26","guid":{"rendered":"http:\/\/www.igmm.cnrs.fr\/?page_id=2409"},"modified":"2023-10-12T15:04:27","modified_gmt":"2023-10-12T13:04:27","slug":"contacts","status":"publish","type":"page","link":"https:\/\/www.igmm.cnrs.fr\/en\/contacts\/","title":{"rendered":"Contacts"},"content":{"rendered":"<div id=\"pl-2409\"  class=\"panel-layout\" ><div id=\"pg-2409-0\"  class=\"panel-grid panel-no-style\" ><div id=\"pgc-2409-0-0\"  class=\"panel-grid-cell\" ><div id=\"panel-2409-0-0-0\" class=\"so-panel widget widget_sow-editor panel-first-child panel-last-child\" data-index=\"0\" ><div\n\t\t\t\n\t\t\tclass=\"so-widget-sow-editor so-widget-sow-editor-base\"\n\t\t\t\n\t\t>\n<div class=\"siteorigin-widget-tinymce textwidget\">\n\t<p>\t<img loading=\"lazy\" decoding=\"async\" src=\"http:\/\/www.igmm.cnrs.fr\/wp-content\/uploads\/2017\/10\/metro-montpellier.jpg\" sizes=\"auto, (max-width: 414px) 100vw, 414px\" title=\"84032017 \u2013 panorama of the montpellie august 3, 2017 in montpellie, fance\" class=\"so-widget-image\" height=\"565\" width=\"414\"><\/p>\n<\/div>\n<\/div><\/div><\/div><div id=\"pgc-2409-0-1\"  class=\"panel-grid-cell\" ><div id=\"panel-2409-0-1-0\" class=\"so-panel widget widget_sow-editor panel-first-child panel-last-child\" data-index=\"1\" ><div\n\t\t\t\n\t\t\tclass=\"so-widget-sow-editor so-widget-sow-editor-base\"\n\t\t\t\n\t\t>\n<div class=\"siteorigin-widget-tinymce textwidget\">\n\t<h5>Address<\/h5>\n<p>Institut de G\u00e9n\u00e9tique Mol\u00e9culaire de Montpellier<br \/>\nCNRS-UMR 5535<br \/>\n1919 Route de Mende<br \/>\n34293 Montpellier- Cedex 5 - FRANCE<\/p>\n<h5>E-mail Address<\/h5>\n<p>secretariat[at]igmm.cnrs.fr<\/p>\n<h5>Phone<\/h5>\n<p><a href=\"tel:+33434359638\">(+33) 4 34 35 96 38<\/a><\/p>\n<h5>T\u00e9l\u00e9copie<\/h5>\n<p>(+33) 4 34 35 96 34<\/p>\n<h5>Standard Campus CNRS<\/h5>\n<p><a href=\"tel:+33467613434\">(+33) 4 67 61 34 34<\/a><\/p>\n<\/div>\n<\/div><\/div><\/div><div id=\"pgc-2409-0-2\"  class=\"panel-grid-cell\" ><div id=\"panel-2409-0-2-0\" class=\"so-panel widget widget_sow-editor panel-first-child panel-last-child\" data-index=\"2\" ><div class=\"formBlock panel-widget-style panel-widget-style-for-2409-0-2-0\" ><div\n\t\t\t\n\t\t\tclass=\"so-widget-sow-editor so-widget-sow-editor-base\"\n\t\t\t\n\t\t>\n<div class=\"siteorigin-widget-tinymce textwidget\">\n\t\n<div class=\"wpcf7 no-js\" id=\"wpcf7-f2975-o1\" lang=\"fr-FR\" dir=\"ltr\" data-wpcf7-id=\"2975\">\n<div class=\"screen-reader-response\"><p role=\"status\" aria-live=\"polite\" aria-atomic=\"true\"><\/p> <ul><\/ul><\/div>\n<form action=\"\/en\/wp-json\/wp\/v2\/pages\/2409#wpcf7-f2975-o1\" method=\"post\" class=\"wpcf7-form init\" aria-label=\"Formulaire de contact\" novalidate=\"novalidate\" data-status=\"init\">\n<fieldset class=\"hidden-fields-container\"><input type=\"hidden\" name=\"_wpcf7\" value=\"2975\" \/><input type=\"hidden\" name=\"_wpcf7_version\" value=\"6.1.5\" \/><input type=\"hidden\" name=\"_wpcf7_locale\" value=\"fr_FR\" \/><input type=\"hidden\" name=\"_wpcf7_unit_tag\" value=\"wpcf7-f2975-o1\" \/><input type=\"hidden\" name=\"_wpcf7_container_post\" value=\"0\" \/><input type=\"hidden\" name=\"_wpcf7_posted_data_hash\" value=\"\" \/><input type=\"hidden\" name=\"_wpcf7_recaptcha_response\" value=\"\" \/>\n<\/fieldset>\n<p class=\"txtInput\"><label>First \/ Last Name<\/label><span class=\"wpcf7-form-control-wrap\" data-name=\"your-name\"><input size=\"40\" maxlength=\"400\" class=\"wpcf7-form-control wpcf7-text wpcf7-validates-as-required\" aria-required=\"true\" aria-invalid=\"false\" value=\"\" type=\"text\" name=\"your-name\" \/><\/span>\n<\/p>\n<p class=\"txtInput\"><label>E-mail address<\/label><span class=\"wpcf7-form-control-wrap\" data-name=\"your-email\"><input size=\"40\" maxlength=\"400\" class=\"wpcf7-form-control wpcf7-email wpcf7-validates-as-required wpcf7-text wpcf7-validates-as-email\" aria-required=\"true\" aria-invalid=\"false\" value=\"\" type=\"email\" name=\"your-email\" \/><\/span>\n<\/p>\n<p class=\"txtInput\"><label>Subject<\/label><span class=\"wpcf7-form-control-wrap\" data-name=\"your-subject\"><input size=\"40\" maxlength=\"400\" class=\"wpcf7-form-control wpcf7-text\" aria-invalid=\"false\" value=\"\" type=\"text\" name=\"your-subject\" \/><\/span>\n<\/p>\n<p class=\"txtInput\"><label>Message<\/label><span class=\"wpcf7-form-control-wrap\" data-name=\"your-message\"><textarea cols=\"40\" rows=\"10\" maxlength=\"2000\" class=\"wpcf7-form-control wpcf7-textarea\" aria-invalid=\"false\" name=\"your-message\"><\/textarea><\/span>\n<\/p>\n\n<p><input class=\"wpcf7-form-control wpcf7-submit has-spinner\" type=\"submit\" value=\"Send\" \/>\n<\/p><div class=\"wpcf7-response-output\" aria-hidden=\"true\"><\/div>\n<\/form>\n<\/div>\n\n<\/div>\n<\/div><\/div><\/div><\/div><\/div><\/div>","protected":false},"excerpt":{"rendered":"<p>Address Institut de G\u00e9n\u00e9tique Mol\u00e9culaire de Montpellier CNRS-UMR 5535 1919 Route de Mende 34293 Montpellier- Cedex 5 &#8211; FRANCE E-mail Address secretariat[at]igmm.cnrs.fr Phone (+33) 4 34 35 96 38 T\u00e9l\u00e9copie (+33) 4 34 35 96 34 Standard Campus CNRS (+33) 4 67 61 34 34<\/p>\n","protected":false},"author":2,"featured_media":0,"parent":0,"menu_order":8,"comment_status":"closed","ping_status":"closed","template":"","meta":{"footnotes":""},"class_list":["post-2409","page","type-page","status-publish","hentry"],"_links":{"self":[{"href":"https:\/\/www.igmm.cnrs.fr\/en\/wp-json\/wp\/v2\/pages\/2409","targetHints":{"allow":["GET"]}}],"collection":[{"href":"https:\/\/www.igmm.cnrs.fr\/en\/wp-json\/wp\/v2\/pages"}],"about":[{"href":"https:\/\/www.igmm.cnrs.fr\/en\/wp-json\/wp\/v2\/types\/page"}],"author":[{"embeddable":true,"href":"https:\/\/www.igmm.cnrs.fr\/en\/wp-json\/wp\/v2\/users\/2"}],"replies":[{"embeddable":true,"href":"https:\/\/www.igmm.cnrs.fr\/en\/wp-json\/wp\/v2\/comments?post=2409"}],"version-history":[{"count":17,"href":"https:\/\/www.igmm.cnrs.fr\/en\/wp-json\/wp\/v2\/pages\/2409\/revisions"}],"predecessor-version":[{"id":8200,"href":"https:\/\/www.igmm.cnrs.fr\/en\/wp-json\/wp\/v2\/pages\/2409\/revisions\/8200"}],"wp:attachment":[{"href":"https:\/\/www.igmm.cnrs.fr\/en\/wp-json\/wp\/v2\/media?parent=2409"}],"curies":[{"name":"wp","href":"https:\/\/api.w.org\/{rel}","templated":true}]}}