{"id":2415,"date":"2017-10-23T14:11:16","date_gmt":"2017-10-23T12:11:16","guid":{"rendered":"http:\/\/www.igmm.cnrs.fr\/?page_id=2415"},"modified":"2023-03-16T10:55:29","modified_gmt":"2023-03-16T09:55:29","slug":"agenda","status":"publish","type":"page","link":"https:\/\/www.igmm.cnrs.fr\/en\/agenda\/","title":{"rendered":"AGENDA"},"content":{"rendered":"<h3 style=\"text-align: center;\"><strong><span style=\"color: #d1be00;\">UPCOMING EVENTS<\/span><\/strong><\/h3>\n<p style=\"text-align: center;\">All seminars take place usually each Tuesday at 11 am at 11:00 AM in the meeting room &#8220;Philippe Jeanteur &#8220;.<\/p>\n<div class=\"simcal-calendar simcal-default-calendar simcal-default-calendar-list simcal-default-calendar-light\" data-calendar-id=\"1794\" data-timezone=\"Europe\/Paris\" data-offset=\"7200\" data-week-start=\"1\" data-calendar-start=\"1777586400\" data-calendar-end=\"1796911200\" data-events-first=\"1777971600\" data-events-last=\"1796911200\"><div class=\"simcal-calendar-list \"><nav class=\"simcal-calendar-head\">\n\t<div class=\"simcal-nav\">\n\t\t<button class=\"simcal-nav-button simcal-prev\" title=\"Previous\" aria-label=\"Previous\">\n\t\t\t<i class=\"simcal-icon-left\"><\/i>\n\t\t<\/button>\n\t<\/div>\n\t<div class=\"simcal-nav simcal-current \" data-calendar-current=\"1777586400\">\n\t\t<h3 class=\"simcal-current-label\"> <\/h3>\n\t<\/div>\n\t<div class=\"simcal-nav\">\t\t<button class=\"simcal-nav-button simcal-next\" title=\"Next\" aria-label=\"Next\">\t\t\t<i class=\"simcal-icon-right\"><\/i>\n\t\t<\/button>\n\t<\/div>\n<\/nav>\n<dl class=\"simcal-events-list-container\" data-prev=\"1774994400\" data-next=\"1780264800\" data-heading-small=\"May 2026\" data-heading-large=\"May 2026\">\t<dt class=\"simcal-day-label\" style=\"border-bottom: 1px solid #000000;\" ><span style=\"background-color: #000000; color: #ffffff;\"><span class=\"simcal-date-format\" data-date-format=\"j F Y\">5 May 2026<\/span> <\/span><\/dt>\n<dd class=\"simcal-weekday-2 simcal-past simcal-day simcal-day-has-events simcal-day-has-1-events simcal-events-calendar-1794\" data-events-count=\"1\">\n\t<ul class=\"simcal-events\">\n\t<li class=\"simcal-event simcal-events-calendar-1794\" style=\"\" itemscope itemtype=\"http:\/\/schema.org\/Event\" data-start=\"1777971600\">\n\t\t<div class=\"simcal-event-details\"><h4><span class=\"simcal-event-title\" itemprop=\"name\">Intra-BIOLuM Seminar<\/span><\/h4>\n<p><em><span class=\"simcal-event-start simcal-event-start-date\" data-event-start=\"1777971600\" data-event-format=\"j F Y\" itemprop=\"startDate\" content=\"2026-05-05T11:00:00+02:00\">5 May 2026<\/span>&nbsp;&nbsp;<span class=\"simcal-event-start simcal-event-start-time\" data-event-start=\"1777971600\" data-event-format=\"G \\h i \\m\\i\\n\" itemprop=\"startDate\" content=\"2026-05-05T11:00:00+02:00\">11 h 00 min<\/span> - <span class=\"simcal-event-end simcal-event-end-time\" data-event-end=\"1777975200\" data-event-format=\"G \\h i \\m\\i\\n\" itemprop=\"endDate\" content=\"2026-05-05T12:00:00+02:00\">12 h 00 min<\/span><\/em><br \/>\n<strong> <span class=\"simcal-event-address simcal-event-start-location\" itemprop=\"location\" itemscope itemtype=\"http:\/\/schema.org\/Place\"><meta itemprop=\"name\" content=\"Intra-BIOLuM Seminar\" \/><meta itemprop=\"address\" content=\"Intra-BIOLuM Seminar\" \/><\/span><\/strong><\/p>\n<div><div class=\"simcal-event-description\" itemprop=\"description\"><p>Guillaume Bossis (IGMM) et Maxime Fillaudeau (IBMM)<\/p>\n<p>Targeting SUMOylation with peptides: from protein-protein interaction inhibitors to PROTACs and covalent inhibitors<\/p>\n<\/div><\/div>\n<p> <a href=\"https:\/\/www.google.com\/calendar\/event?eid=XzhncjQyY3BnNzUwajZiYTM4b3JqZWI5azg0b2s0YjlvODUyNDhiOWw2NHIzOGM5bzcwczRhYzFpNzAgZmhmaDgyYnVqZDBjZGJxamc4N2Q3aXU4ajRAZw&#038;ctz=Europe\/Paris\" target=\"_blank\" >Voir plus de d\u00e9tails<\/a><\/p><\/div>\n\t<\/li>\n<\/ul>\n\n<\/dd>\n\t<dt class=\"simcal-day-label\" style=\"border-bottom: 1px solid #000000;\" ><span style=\"background-color: #000000; color: #ffffff;\"><span class=\"simcal-date-format\" data-date-format=\"j F Y\">12 May 2026<\/span> <\/span><\/dt>\n<dd class=\"simcal-weekday-2 simcal-past simcal-day simcal-day-has-events simcal-day-has-1-events simcal-events-calendar-1794 simcal-day-has-events simcal-day-has-2-events simcal-events-calendar-1794\" data-events-count=\"2\">\n\t<ul class=\"simcal-events\">\n\t<li class=\"simcal-event simcal-event-has-location simcal-events-calendar-1794\" style=\"\" itemscope itemtype=\"http:\/\/schema.org\/Event\" data-start=\"1778576400\">\n\t\t<div class=\"simcal-event-details\"><h4><span class=\"simcal-event-title\" itemprop=\"name\">Edward WALLACE - University of Edinburgh<\/span><\/h4>\n<p><em><span class=\"simcal-event-start simcal-event-start-date\" data-event-start=\"1778576400\" data-event-format=\"j F Y\" itemprop=\"startDate\" content=\"2026-05-12T11:00:00+02:00\">12 May 2026<\/span>&nbsp;&nbsp;<span class=\"simcal-event-start simcal-event-start-time\" data-event-start=\"1778576400\" data-event-format=\"G \\h i \\m\\i\\n\" itemprop=\"startDate\" content=\"2026-05-12T11:00:00+02:00\">11 h 00 min<\/span> - <span class=\"simcal-event-end simcal-event-end-time\" data-event-end=\"1778581800\" data-event-format=\"G \\h i \\m\\i\\n\" itemprop=\"endDate\" content=\"2026-05-12T12:30:00+02:00\">12 h 30 min<\/span><\/em><br \/>\n<strong> <span class=\"simcal-event-address simcal-event-start-location\" itemprop=\"location\" itemscope itemtype=\"http:\/\/schema.org\/Place\"><meta itemprop=\"name\" content=\"Institut de G\u00e9n\u00e9tique Mol\u00e9culaire de Montpellier (IGMM), 1919 Rte de Mende, 34090 Montpellier, France\" \/><meta itemprop=\"address\" content=\"Institut de G\u00e9n\u00e9tique Mol\u00e9culaire de Montpellier (IGMM), 1919 Rte de Mende, 34090 Montpellier, France\" \/>Institut de G\u00e9n\u00e9tique Mol\u00e9culaire de Montpellier (IGMM), 1919 Rte de Mende, 34090 Montpellier, France<\/span><\/strong><\/p>\n<div><div class=\"simcal-event-description\" itemprop=\"description\"><p><b>Title :\u00a0<\/b>\u00a0\"<span>Post-transcriptionalcontrol of fungal cell wall synthesis by Ssd1 and co-operating RNA-bindingproteins\"<\/span><b><span><\/span><\/b><\/p>\n<p><span>Fungal cell walls are the surface where thefungus meets the world.\u00a0Yet, there are major gaps in understanding offungal cell wall synthesis and its regulation, notably at thepost-transcriptional level, where the time and place of protein synthesis arecontrolled. Advances in mRNA regulation have identified several RNA-bindingproteins that regulate cell wall synthesis, however their importance in fungalcell biology remains underappreciated<\/span><span><sup><span>1<\/span><\/sup><\/span><span>. Our recent work focuses on the RNA-binding protein Ssd1\/sts5\/gul-1,which is required for fungal growth and virulence, and genetically interactswith cell cycle regulators. We characterised the evolution of Ssd1'sfungal-specific RNA-binding function<\/span><span><sup><span>2<\/span><\/sup><\/span><span>. We identified the RNA motif bound by Ssd1 and showed that it isenriched in the 5'UTRs of cell wall mRNAs across ascomycota<\/span><span><sup><span>3<\/span><\/sup><\/span><span>. With Atlanta Cook, we solved the structure of Ssd1<\/span><span><sup><span>3<\/span><\/sup><\/span><span> and are investigating its mechanisms of RNA binding.<\/span><\/p>\n<p><span>We marshal evidence across the dikaryota tobuild a model for Ssd1-mediated spatiotemporal regulation of cell wallsynthesis. Ssd1's role as a translation repressor is demonstrated by ourfinding that Ssd1-binding motifs in reporter mRNAs repress translation in yeast<i>Saccharomyces cerevisiae<\/i>. Ssd1's role in mRNA localisation isdemonstrated by our evidence that Ssd1-containing mRNA-protein complexesshuttle along hyphae of <i>Aspergillus nidulans<\/i>. We hypothesise that Ssd1-mediatedtranslational repression, in co-operation with other RNA-binding proteins,allows \"just-in-time\" local translation of cell wall components nearsites of cell wall synthesis in growing fungi. Disruption of this regulatorycircuit has profound, pleiotropic impacts on cell wall synthesis, celldivision, and stress resistance. <\/span><\/p>\n<p><\/p>\n<p><span><span>1.<span>\u00a0\u00a0\u00a0\u00a0 <\/span>Hall,R. A. &amp; Wallace, E. W. J. Post-transcriptional control of fungal cell wallsynthesis. <i>Cell Surf.<\/i> <b>8<\/b>, 100074 (2022).<\/span><\/span><\/p>\n<p><span>2.<span>\u00a0\u00a0\u00a0\u00a0 <\/span>Ballou, E. R., Cook, A. G. &amp; Wallace,E. W. J. Repeated Evolution of Inactive Pseudonucleases in a Fungal Branch ofthe Dis3\/RNase II Family of Nucleases. <i>Mol.Biol. Evol.<\/i> <b>38<\/b>, 1837\u20131846(2021).<\/span><\/p>\n<p><span>3.<span>\u00a0\u00a0\u00a0\u00a0\u00a0\u00a0\u00a0\u00a0 <\/span>Bayne, R. A. <i>et al.<\/i>Yeast Ssd1 is a non-enzymatic member of the RNase II family with an alternativeRNA recognition site. <i>Nucleic Acids Res.<\/i>(2021) doi:10.1093\/nar\/gkab615.<\/span><br \/><b>Contact :\u00a0<\/b> <a href=\"mailto:fabrice.caudron@igmm.cnrs.fr\" target=\"_blank\">fabrice.caudron@igmm.cnrs.fr<\/a><\/p>\n<\/div><\/div>\n<p> <a href=\"https:\/\/www.google.com\/calendar\/event?eid=NmZhcTU5ZzJjcTNucjhtdXNrdmprZTFjNHUgZmhmaDgyYnVqZDBjZGJxamc4N2Q3aXU4ajRAZw&#038;ctz=Europe\/Paris\" target=\"_blank\" >Voir plus de d\u00e9tails<\/a><\/p><\/div>\n\t<\/li>\n\t<li class=\"simcal-event simcal-event-has-location simcal-events-calendar-1794\" style=\"\" itemscope itemtype=\"http:\/\/schema.org\/Event\" data-start=\"1778583600\">\n\t\t<div class=\"simcal-event-details\"><h4><span class=\"simcal-event-title\" itemprop=\"name\">Ciigales Science Coffee Talk<\/span><\/h4>\n<p><em><span class=\"simcal-event-start simcal-event-start-date\" data-event-start=\"1778583600\" data-event-format=\"j F Y\" itemprop=\"startDate\" content=\"2026-05-12T13:00:00+02:00\">12 May 2026<\/span>&nbsp;&nbsp;<span class=\"simcal-event-start simcal-event-start-time\" data-event-start=\"1778583600\" data-event-format=\"G \\h i \\m\\i\\n\" itemprop=\"startDate\" content=\"2026-05-12T13:00:00+02:00\">13 h 00 min<\/span> - <span class=\"simcal-event-end simcal-event-end-time\" data-event-end=\"1778587200\" data-event-format=\"G \\h i \\m\\i\\n\" itemprop=\"endDate\" content=\"2026-05-12T14:00:00+02:00\">14 h 00 min<\/span><\/em><br \/>\n<strong> <span class=\"simcal-event-address simcal-event-start-location\" itemprop=\"location\" itemscope itemtype=\"http:\/\/schema.org\/Place\"><meta itemprop=\"name\" content=\"Balard Amphitheater\" \/><meta itemprop=\"address\" content=\"Balard Amphitheater\" \/>Balard Amphitheater<\/span><\/strong><\/p>\n<div><div class=\"simcal-event-description\" itemprop=\"description\"><p>- Soha Allioui, a second year PhD student in Damien Gr\u00e9goire lab in IGMM. She will talk to us about \u00ab To observe is to disturb: the cost of watching tumors grow \u00bb <\/p>\n<p>    - Lisa Vecchio, a second year PhD student in the lab of Domenico Libri et Odil Porrua. She will talk to us about \u00ab Crac : a method for high resolution mapping of RNA-binding protein targets \u00bb.<\/p>\n<\/div><\/div>\n<p> <a href=\"https:\/\/www.google.com\/calendar\/event?eid=XzhjcmoyY3BuOG9xajJiOWk2Z3IzZWI5azZsMmtjYjlvOGNxNDZiYTU3MHAzMmUxajZvcDNjZ2ExNmsgZmhmaDgyYnVqZDBjZGJxamc4N2Q3aXU4ajRAZw&#038;ctz=Europe\/Paris\" target=\"_blank\" >Voir plus de d\u00e9tails<\/a><\/p><\/div>\n\t<\/li>\n<\/ul>\n\n<\/dd>\n\t<dt class=\"simcal-day-label\" style=\"border-bottom: 1px solid #1e73be;\" ><span style=\"background-color: #1e73be; color: #ffffff;\"><span class=\"simcal-date-format\" data-date-format=\"j F Y\">18 May 2026<\/span> <\/span><\/dt>\n<dd class=\"simcal-weekday-1 simcal-past simcal-day simcal-day-has-events simcal-day-has-1-events simcal-events-calendar-1794 simcal-day-has-events simcal-day-has-2-events simcal-events-calendar-1794\" data-events-count=\"2\">\n\t<ul class=\"simcal-events\">\n\t<li class=\"simcal-event simcal-event-has-location simcal-events-calendar-1794\" style=\"\" itemscope itemtype=\"http:\/\/schema.org\/Event\" data-start=\"1779105600\">\n\t\t<div class=\"simcal-event-details\"><h4><span class=\"simcal-event-title\" itemprop=\"name\">Thesis Vanessa Felix Pires (IGMM)<\/span><\/h4>\n<p><em><span class=\"simcal-event-start simcal-event-start-date\" data-event-start=\"1779105600\" data-event-format=\"j F Y\" itemprop=\"startDate\" content=\"2026-05-18T14:00:00+02:00\">18 May 2026<\/span>&nbsp;&nbsp;<span class=\"simcal-event-start simcal-event-start-time\" data-event-start=\"1779105600\" data-event-format=\"G \\h i \\m\\i\\n\" itemprop=\"startDate\" content=\"2026-05-18T14:00:00+02:00\">14 h 00 min<\/span> - <span class=\"simcal-event-end simcal-event-end-time\" data-event-end=\"1779109200\" data-event-format=\"G \\h i \\m\\i\\n\" itemprop=\"endDate\" content=\"2026-05-18T15:00:00+02:00\">15 h 00 min<\/span><\/em><br \/>\n<strong> <span class=\"simcal-event-address simcal-event-start-location\" itemprop=\"location\" itemscope itemtype=\"http:\/\/schema.org\/Place\"><meta itemprop=\"name\" content=\"Philippe Jeanteur Seminar Room, IGMM\" \/><meta itemprop=\"address\" content=\"Philippe Jeanteur Seminar Room, IGMM\" \/>Philippe Jeanteur Seminar Room, IGMM<\/span><\/strong><\/p>\n<div><div class=\"simcal-event-description\" itemprop=\"description\"><p>\"The role of the glutamylase TTLL6 in colon homeostasis and pathology\"<\/p>\n<\/div><\/div>\n<p> <a href=\"https:\/\/www.google.com\/calendar\/event?eid=XzhvcWo4ZzlvNjEyM2liOXA4OTM0YWI5azZzczM4YmExNmNxMzRiOW04aDMzZWNhNDYwcjQ4ZTFpNmMgZmhmaDgyYnVqZDBjZGJxamc4N2Q3aXU4ajRAZw&#038;ctz=Europe\/Paris\" target=\"_blank\" >Voir plus de d\u00e9tails<\/a><\/p><\/div>\n\t<\/li>\n\t<li class=\"simcal-event simcal-event-has-location simcal-events-calendar-1794\" style=\"\" itemscope itemtype=\"http:\/\/schema.org\/Event\" data-start=\"1779111000\">\n\t\t<div class=\"simcal-event-details\"><h4><span class=\"simcal-event-title\" itemprop=\"name\">Career Outside Academia Seminar: Dr Tobias Goris: https:\/\/visio.numerique.gouv.fr\/zps-fxvy-jwr<\/span><\/h4>\n<p><em><span class=\"simcal-event-start simcal-event-start-date\" data-event-start=\"1779111000\" data-event-format=\"j F Y\" itemprop=\"startDate\" content=\"2026-05-18T15:30:00+02:00\">18 May 2026<\/span>&nbsp;&nbsp;<span class=\"simcal-event-start simcal-event-start-time\" data-event-start=\"1779111000\" data-event-format=\"G \\h i \\m\\i\\n\" itemprop=\"startDate\" content=\"2026-05-18T15:30:00+02:00\">15 h 30 min<\/span> - <span class=\"simcal-event-end simcal-event-end-time\" data-event-end=\"1779114600\" data-event-format=\"G \\h i \\m\\i\\n\" itemprop=\"endDate\" content=\"2026-05-18T16:30:00+02:00\">16 h 30 min<\/span><\/em><br \/>\n<strong> <span class=\"simcal-event-address simcal-event-start-location\" itemprop=\"location\" itemscope itemtype=\"http:\/\/schema.org\/Place\"><meta itemprop=\"name\" content=\"Marcel Dor\u00e9e Seminar Room (and visio)\" \/><meta itemprop=\"address\" content=\"Marcel Dor\u00e9e Seminar Room (and visio)\" \/>Marcel Dor\u00e9e Seminar Room (and visio)<\/span><\/strong><\/p>\n<div><div class=\"simcal-event-description\" itemprop=\"description\"><p>Dr. Tobias Goris will share his experience transitioning from academic research to edition.<br \/>\nhttps:\/\/www.linkedin.com\/in\/tobias-goris-819a56aa\/<\/p>\n<\/div><\/div>\n<p> <a href=\"https:\/\/www.google.com\/calendar\/event?eid=Xzg0cTNhY2huNmNzM2liYTM2dDFqY2I5azhvb2o0YjlwNmgwajBiYTY2bDM0Y2Noazg0c2o4Y2hvNjQgZmhmaDgyYnVqZDBjZGJxamc4N2Q3aXU4ajRAZw&#038;ctz=Europe\/Paris\" target=\"_blank\" >Voir plus de d\u00e9tails<\/a><\/p><\/div>\n\t<\/li>\n<\/ul>\n\n<\/dd>\n\t<dt class=\"simcal-day-label\" style=\"border-bottom: 1px solid #000000;\" ><span style=\"background-color: #000000; color: #ffffff;\"><span class=\"simcal-date-format\" data-date-format=\"j F Y\">21 May 2026<\/span> <\/span><\/dt>\n<dd class=\"simcal-weekday-4 simcal-past simcal-day simcal-day-has-events simcal-day-has-1-events simcal-events-calendar-1794\" data-events-count=\"1\">\n\t<ul class=\"simcal-events\">\n\t<li class=\"simcal-event simcal-event-has-location simcal-events-calendar-1794\" style=\"\" itemscope itemtype=\"http:\/\/schema.org\/Event\" data-start=\"1779364800\">\n\t\t<div class=\"simcal-event-details\"><h4><span class=\"simcal-event-title\" itemprop=\"name\">&quot;Other Eyes on Membranes and Self-Assemblies&quot;<\/span><\/h4>\n<p><em><span class=\"simcal-event-start simcal-event-start-date\" data-event-start=\"1779364800\" data-event-format=\"j F Y\" itemprop=\"startDate\" content=\"2026-05-21T14:00:00+02:00\">21 May 2026<\/span>&nbsp;&nbsp;<span class=\"simcal-event-start simcal-event-start-time\" data-event-start=\"1779364800\" data-event-format=\"G \\h i \\m\\i\\n\" itemprop=\"startDate\" content=\"2026-05-21T14:00:00+02:00\">14 h 00 min<\/span> - <span class=\"simcal-event-end simcal-event-end-time\" data-event-end=\"1779379200\" data-event-format=\"G \\h i \\m\\i\\n\" itemprop=\"endDate\" content=\"2026-05-21T18:00:00+02:00\">18 h 00 min<\/span><\/em><br \/>\n<strong> <span class=\"simcal-event-address simcal-event-start-location\" itemprop=\"location\" itemscope itemtype=\"http:\/\/schema.org\/Place\"><meta itemprop=\"name\" content=\"Marcel Dor\u00e9e Seminar Room\" \/><meta itemprop=\"address\" content=\"Marcel Dor\u00e9e Seminar Room\" \/>Marcel Dor\u00e9e Seminar Room<\/span><\/strong><\/p>\n<div><div class=\"simcal-event-description\" itemprop=\"description\"><p>\"Cell Membrane and Cytoskeleton axis\" half-day meeting:<\/p>\n<p>- L. Casanellas-Vilageliu (L2C, Montpellier) : \"Design and microfluidic rheology of biomimetic tissues\"<\/p>\n<p>- M. Chavent (CBI, Toulouse) : \"From virulence factors to building blocs of supramolecular assemblies: roles of mycobacterial lipids\"<\/p>\n<p>- S. Balme (IEMM, Montpellier) : \"Nanopore and Confocal Fluorescence Spectroscopy to Reveal Biological Molecule Assembly Mechanisms\"<\/p>\n<p>Contacts: cyril.favard@irim.cnrs.fr, Laura.Picas@irim.cnrs.fr, stephane.bodin@crbm.cnrs.fr<\/p>\n<\/div><\/div>\n<p> <a href=\"https:\/\/www.google.com\/calendar\/event?eid=XzZsMzQ4Z2hqOGgxajZiOWs4NHFrY2I5azY4czM2YjlwNmdzajJiOWs2dDIzMmhpMjZzc2ppY2hpOGsgZmhmaDgyYnVqZDBjZGJxamc4N2Q3aXU4ajRAZw&#038;ctz=Europe\/Paris\" target=\"_blank\" >Voir plus de d\u00e9tails<\/a><\/p><\/div>\n\t<\/li>\n<\/ul>\n\n<\/dd>\n<\/dl><div class=\"simcal-ajax-loader simcal-spinner-top\" style=\"display: none;\"><i class=\"simcal-icon-spinner simcal-icon-spin\"><\/i><\/div><\/div><\/div>\n","protected":false},"excerpt":{"rendered":"<p>UPCOMING EVENTS All seminars take place usually each Tuesday at 11 am at 11:00 AM in the meeting room &#8220;Philippe Jeanteur &#8220;.<\/p>\n","protected":false},"author":2,"featured_media":0,"parent":0,"menu_order":4,"comment_status":"closed","ping_status":"closed","template":"","meta":{"footnotes":""},"class_list":["post-2415","page","type-page","status-publish","hentry"],"_links":{"self":[{"href":"https:\/\/www.igmm.cnrs.fr\/en\/wp-json\/wp\/v2\/pages\/2415","targetHints":{"allow":["GET"]}}],"collection":[{"href":"https:\/\/www.igmm.cnrs.fr\/en\/wp-json\/wp\/v2\/pages"}],"about":[{"href":"https:\/\/www.igmm.cnrs.fr\/en\/wp-json\/wp\/v2\/types\/page"}],"author":[{"embeddable":true,"href":"https:\/\/www.igmm.cnrs.fr\/en\/wp-json\/wp\/v2\/users\/2"}],"replies":[{"embeddable":true,"href":"https:\/\/www.igmm.cnrs.fr\/en\/wp-json\/wp\/v2\/comments?post=2415"}],"version-history":[{"count":11,"href":"https:\/\/www.igmm.cnrs.fr\/en\/wp-json\/wp\/v2\/pages\/2415\/revisions"}],"predecessor-version":[{"id":7740,"href":"https:\/\/www.igmm.cnrs.fr\/en\/wp-json\/wp\/v2\/pages\/2415\/revisions\/7740"}],"wp:attachment":[{"href":"https:\/\/www.igmm.cnrs.fr\/en\/wp-json\/wp\/v2\/media?parent=2415"}],"curies":[{"name":"wp","href":"https:\/\/api.w.org\/{rel}","templated":true}]}}