{"id":2483,"date":"2017-10-12T15:05:52","date_gmt":"2017-10-12T13:05:52","guid":{"rendered":"http:\/\/www.igmm.cnrs.fr\/institute\/venir-a-ligmm\/"},"modified":"2017-12-20T10:59:01","modified_gmt":"2017-12-20T09:59:01","slug":"access-to-igmm","status":"publish","type":"page","link":"https:\/\/www.igmm.cnrs.fr\/en\/institute\/access-to-igmm\/","title":{"rendered":"Access to IGMM"},"content":{"rendered":"<div id=\"pl-2483\"  class=\"panel-layout\" ><div id=\"pg-2483-0\"  class=\"panel-grid panel-no-style\" ><div id=\"pgc-2483-0-0\"  class=\"panel-grid-cell\" ><div id=\"panel-2483-0-0-0\" class=\"so-panel widget widget_sow-editor panel-first-child panel-last-child\" data-index=\"0\" ><div\n\t\t\t\n\t\t\tclass=\"so-widget-sow-editor so-widget-sow-editor-base\"\n\t\t\t\n\t\t>\n<div class=\"siteorigin-widget-tinymce textwidget\">\n\t<p><iframe loading=\"lazy\" style=\"border: 0;\" src=\"https:\/\/www.google.com\/maps\/embed?pb=!1m18!1m12!1m3!1d2887.4581076950776!2d3.8628553146759677!3d43.63863637912179!2m3!1f0!2f0!3f0!3m2!1i1024!2i768!4f13.1!3m3!1m2!1s0x12b6aed87f84921f%3A0x1b567ae29f54b746!2sIGMM!5e0!3m2!1sfr!2sfr!4v1510567125163\" width=\"100%\" height=\"700\" frameborder=\"0\" allowfullscreen=\"allowfullscreen\"><span data-mce-type=\"bookmark\" style=\"display: inline-block; width: 0px; overflow: hidden; line-height: 0;\" class=\"mce_SELRES_start\">\ufeff<\/span><span data-mce-type=\"bookmark\" style=\"display: inline-block; width: 0px; overflow: hidden; line-height: 0;\" class=\"mce_SELRES_start\">\ufeff<\/span><\/iframe><\/p>\n<p>&nbsp;<\/p>\n<\/div>\n<\/div><\/div><\/div><div id=\"pgc-2483-0-1\"  class=\"panel-grid-cell\" ><div id=\"panel-2483-0-1-0\" class=\"so-panel widget widget_sow-editor panel-first-child\" data-index=\"1\" ><div\n\t\t\t\n\t\t\tclass=\"so-widget-sow-editor so-widget-sow-editor-base\"\n\t\t\t\n\t\t>\n<div class=\"siteorigin-widget-tinymce textwidget\">\n\t<div class=\"\">\n<h4>Adresse<\/h4>\n<p>Institut de G\u00e9n\u00e9tique Mol\u00e9culaire de Montpellier - CNRS-UMR 5535<br \/>\n1919 Route de Mende<br \/>\n34293 Montpellier- Cedex 5 - FRANCE<\/p>\n<h4>En voiture<\/h4>\n<p style=\"text-align: justify;\">Autoroute A9 : prendre direction Montpellier autoroute A709 sortie Montpellier Est direction \u00ab Centre ville \u00bb puis \u00ab H\u00f4pitaux-Facult\u00e9s \u00bb direction \u00ab Universit\u00e9 Paul Val\u00e9ry \/<br \/>\nMontpellier 3 \u00bb direction \u00ab CNRS \u00bb .<\/p>\n<h4>En tramway depuis les gares<\/h4>\n<p>Prendre le tramway ligne 1, direction \u00ab Mosson \u00bb, et descendre \u00e0 l\u2019arr\u00eat \u00ab Albert 1er - St Charles \u00bb.<br data-start=\"146\" data-end=\"149\" \/>Puis prendre le tramway ligne 5, direction \u00ab Clapiers \u00bb, et descendre \u00e0 l\u2019arr\u00eat \u00ab CNRS - Zoo du Lunaret \u00bb.<\/p>\n<p>Vous pouvez \u00e9galement consulter votre itin\u00e9raire sur le site de la <a href=\"http:\/\/www.tam-voyages.com\/index.asp\" target=\"_blank\" rel=\"noopener\">TAM<\/a>\u00a0en indiquant l\u2019adresse d\u2019arriv\u00e9e suivante\u00a0: 1919, route de Mende.<\/p>\n<\/div>\n<div class=\"resume\"><\/div>\n<\/div>\n<\/div><\/div><div id=\"panel-2483-0-1-1\" class=\"so-panel widget widget_sow-button\" data-index=\"2\" ><div\n\t\t\t\n\t\t\tclass=\"so-widget-sow-button so-widget-sow-button-flat-61bb47762591-2483\"\n\t\t\t\n\t\t><div class=\"ow-button-base ow-button-align-left\"\n>\n\t\t\t<a\n\t\t\t\t\thref=\"https:\/\/www.igmm.cnrs.fr\/wp-content\/uploads\/2026\/04\/Plan-acces-CNRS-2025.pdf\"\n\t\t\t\t\tclass=\"sowb-button ow-icon-placement-left ow-button-hover\" target=\"_blank\" rel=\"noopener noreferrer\" \t>\n\t\t<span>\n\t\t\t\n\t\t\tPlan d'acc\u00e8s au CNRS\t\t<\/span>\n\t\t\t<\/a>\n\t<\/div>\n<\/div><\/div><div id=\"panel-2483-0-1-2\" class=\"so-panel widget widget_sow-button panel-last-child\" data-index=\"3\" ><div\n\t\t\t\n\t\t\tclass=\"so-widget-sow-button so-widget-sow-button-flat-144c983c4712-2483\"\n\t\t\t\n\t\t><div class=\"ow-button-base ow-button-align-left\"\n>\n\t\t\t<a\n\t\t\t\t\thref=\"https:\/\/www.igmm.cnrs.fr\/wp-content\/uploads\/2017\/12\/Plan_campus_RDM_2017.pdf\"\n\t\t\t\t\tclass=\"sowb-button ow-icon-placement-left ow-button-hover\" target=\"_blank\" rel=\"noopener noreferrer\" \t>\n\t\t<span>\n\t\t\t\n\t\t\tPlan du campus\t\t<\/span>\n\t\t\t<\/a>\n\t<\/div>\n<\/div><\/div><\/div><\/div><\/div>","protected":false},"excerpt":{"rendered":"<p>\ufeff\ufeff &nbsp; Adresse Institut de G\u00e9n\u00e9tique Mol\u00e9culaire de Montpellier &#8211; CNRS-UMR 5535 1919 Route de Mende 34293 Montpellier- Cedex 5 &#8211; FRANCE En voiture Autoroute A9 : prendre direction Montpellier autoroute A709 sortie Montpellier Est direction \u00ab Centre ville \u00bb puis \u00ab H\u00f4pitaux-Facult\u00e9s \u00bb direction \u00ab Universit\u00e9 Paul Val\u00e9ry \/ Montpellier 3 \u00bb direction \u00ab CNRS \u00bb . En tramway &hellip; <a href=\"https:\/\/www.igmm.cnrs.fr\/en\/institute\/access-to-igmm\/\" class=\"more-link\">Continue reading <span class=\"screen-reader-text\">Access to IGMM<\/span><\/a><\/p>\n","protected":false},"author":2,"featured_media":0,"parent":2406,"menu_order":4,"comment_status":"closed","ping_status":"closed","template":"","meta":{"footnotes":""},"class_list":["post-2483","page","type-page","status-publish","hentry"],"_links":{"self":[{"href":"https:\/\/www.igmm.cnrs.fr\/en\/wp-json\/wp\/v2\/pages\/2483","targetHints":{"allow":["GET"]}}],"collection":[{"href":"https:\/\/www.igmm.cnrs.fr\/en\/wp-json\/wp\/v2\/pages"}],"about":[{"href":"https:\/\/www.igmm.cnrs.fr\/en\/wp-json\/wp\/v2\/types\/page"}],"author":[{"embeddable":true,"href":"https:\/\/www.igmm.cnrs.fr\/en\/wp-json\/wp\/v2\/users\/2"}],"replies":[{"embeddable":true,"href":"https:\/\/www.igmm.cnrs.fr\/en\/wp-json\/wp\/v2\/comments?post=2483"}],"version-history":[{"count":11,"href":"https:\/\/www.igmm.cnrs.fr\/en\/wp-json\/wp\/v2\/pages\/2483\/revisions"}],"predecessor-version":[{"id":2826,"href":"https:\/\/www.igmm.cnrs.fr\/en\/wp-json\/wp\/v2\/pages\/2483\/revisions\/2826"}],"up":[{"embeddable":true,"href":"https:\/\/www.igmm.cnrs.fr\/en\/wp-json\/wp\/v2\/pages\/2406"}],"wp:attachment":[{"href":"https:\/\/www.igmm.cnrs.fr\/en\/wp-json\/wp\/v2\/media?parent=2483"}],"curies":[{"name":"wp","href":"https:\/\/api.w.org\/{rel}","templated":true}]}}