{"id":2627,"date":"2017-10-13T16:28:01","date_gmt":"2017-10-13T14:28:01","guid":{"rendered":"http:\/\/www.igmm.cnrs.fr\/?page_id=2627"},"modified":"2023-10-12T15:05:30","modified_gmt":"2023-10-12T13:05:30","slug":"legal-notice","status":"publish","type":"page","link":"https:\/\/www.igmm.cnrs.fr\/en\/legal-notice\/","title":{"rendered":"Legal Notice"},"content":{"rendered":"<div id=\"pl-2627\"  class=\"panel-layout\" ><div id=\"pg-2627-0\"  class=\"panel-grid panel-no-style\" ><div id=\"pgc-2627-0-0\"  class=\"panel-grid-cell\" ><div id=\"panel-2627-0-0-0\" class=\"so-panel widget widget_sow-editor panel-first-child\" data-index=\"0\" ><div\n\t\t\t\n\t\t\tclass=\"so-widget-sow-editor so-widget-sow-editor-base\"\n\t\t\t\n\t\t>\n<div class=\"siteorigin-widget-tinymce textwidget\">\n\t<h4>Institut de G\u00e9n\u00e9tique Mol\u00e9culaire de Montpellier (IGMM) - UMR5535<\/h4>\n<p><strong>Address:<\/strong> 1919 route de Mende, 34293 Montpellier Cedex 5<\/p>\n<p><strong>Phone:<\/strong> +33(0)4 34 35 96 05<\/p>\n<p><strong>Fax:<\/strong> +33(0)4 34 35 96 34<\/p>\n<p><strong><span id=\"result_box\" class=\"short_text\" lang=\"en\">Publication Director<\/span>:<\/strong> <a href=\"mailto: etienne.schwob@igmm.cnrs.fr\">Etienne SCHWOB<\/a><\/p>\n<p><strong>Webmaster<\/strong>: <a href=\"mailto: sarah.adele@igmm.cnrs.fr\">Sarah ADELE PERRAMOND<\/a><\/p>\n<\/div>\n<\/div><\/div><div id=\"panel-2627-0-0-1\" class=\"so-panel widget widget_sow-editor\" data-index=\"1\" ><div\n\t\t\t\n\t\t\tclass=\"so-widget-sow-editor so-widget-sow-editor-base\"\n\t\t\t\n\t\t>\n<div class=\"siteorigin-widget-tinymce textwidget\">\n\t<p>&nbsp;<\/p>\n<h4>Protection des informations nominatives<\/h4>\n<p>Conform\u00e9ment \u00e0 la loi n\u00b0 78-17 du 6 janvier 1978, relative \u00e0 l'Informatique, aux fichiers et aux Libert\u00e9s (articles 38, 39, 40), vous disposez d'un droit d'acc\u00e8s, de rectification et de suppression des donn\u00e9es vous concernant, en ligne sur ce site.<\/p>\n<p>Pour exercer ce droit, vous pouvez vous adresser au <a href=\"mailto:sarah.adele@igmm.cnrs.fr\">webmestre<\/a>.<\/p>\n<\/div>\n<\/div><\/div><div id=\"panel-2627-0-0-2\" class=\"so-panel widget widget_sow-editor\" data-index=\"2\" ><div\n\t\t\t\n\t\t\tclass=\"so-widget-sow-editor so-widget-sow-editor-base\"\n\t\t\t\n\t\t>\n<div class=\"siteorigin-widget-tinymce textwidget\">\n\t<h2>Conditions d'utilisation<\/h2>\n<p>&nbsp;<\/p>\n<h4>Clause de non-responsabilit\u00e9<\/h4>\n<p>La responsabilit\u00e9 du Institut de G\u00e9n\u00e9tique Mol\u00e9culaire de Montpellier (IGMM) - UMR5535 ne peut, en aucune mani\u00e8re, \u00eatre engag\u00e9e quant au contenu des informations figurant sur ce site ou aux cons\u00e9quences pouvant r\u00e9sulter de leur utilisation ou interpr\u00e9tation.<\/p>\n<\/div>\n<\/div><\/div><div id=\"panel-2627-0-0-3\" class=\"so-panel widget widget_sow-editor\" data-index=\"3\" ><div\n\t\t\t\n\t\t\tclass=\"so-widget-sow-editor so-widget-sow-editor-base\"\n\t\t\t\n\t\t>\n<div class=\"siteorigin-widget-tinymce textwidget\">\n\t<h4>Propri\u00e9t\u00e9 intellectuelle<\/h4>\n<p>Le site du Institut de G\u00e9n\u00e9tique Mol\u00e9culaire de Montpellier (IGMM) - UMR5535 est une \u0153uvre de cr\u00e9ation, propri\u00e9t\u00e9 exclusive du Institut de G\u00e9n\u00e9tique Mol\u00e9culaire de Montpellier (IGMM) - UMR5535, prot\u00e9g\u00e9 par la l\u00e9gislation fran\u00e7aise et internationale sur le droit de la propri\u00e9t\u00e9 intellectuelle. Aucune reproduction ou repr\u00e9sentation ne peut \u00eatre r\u00e9alis\u00e9e en contravention avec les droits du Institut de G\u00e9n\u00e9tique Mol\u00e9culaire de Montpellier (IGMM) - UMR5535 issus de la l\u00e9gislation susvis\u00e9e.<\/p>\n<\/div>\n<\/div><\/div><div id=\"panel-2627-0-0-4\" class=\"so-panel widget widget_sow-editor\" data-index=\"4\" ><div\n\t\t\t\n\t\t\tclass=\"so-widget-sow-editor so-widget-sow-editor-base\"\n\t\t\t\n\t\t>\n<div class=\"siteorigin-widget-tinymce textwidget\">\n\t<h4>Liens hypertextes<\/h4>\n<p>La mise en place de liens hypertextes par des tiers vers des pages ou des documents diffus\u00e9s sur le site du Institut de G\u00e9n\u00e9tique Mol\u00e9culaire de Montpellier (IGMM) - UMR5535, est autoris\u00e9e sous r\u00e9serve que les liens ne contreviennent pas aux int\u00e9r\u00eats du Institut de G\u00e9n\u00e9tique Mol\u00e9culaire de Montpellier (IGMM) - UMR5535, et, qu'ils garantissent la possibilit\u00e9 pour l'utilisateur d'identifier l'origine et l'auteur du document.<\/p>\n<\/div>\n<\/div><\/div><div id=\"panel-2627-0-0-5\" class=\"so-panel widget widget_sow-editor\" data-index=\"5\" ><div\n\t\t\t\n\t\t\tclass=\"so-widget-sow-editor so-widget-sow-editor-base\"\n\t\t\t\n\t\t>\n<div class=\"siteorigin-widget-tinymce textwidget\">\n\t<p>\u00a0<\/p>\n<h4>Internet hosting<\/h4>\n<p>This website is hosted in France by CNRS.<\/p>\n<\/div>\n<\/div><\/div><div id=\"panel-2627-0-0-6\" class=\"so-panel widget widget_sow-editor panel-last-child\" data-index=\"6\" ><div\n\t\t\t\n\t\t\tclass=\"so-widget-sow-editor so-widget-sow-editor-base\"\n\t\t\t\n\t\t>\n<div class=\"siteorigin-widget-tinymce textwidget\">\n\t<h4>Credits<\/h4>\n<p>Art direction &amp; Webdesign : <a href=\"https:\/\/raphaelwittmann.net\/\">Rapha\u00ebl Wittmann<\/a><\/p>\n<p>Project management : Delphine Dauga \/ <a href=\"https:\/\/www.bioself-communication.com\/\">Bioself Communication<\/a><\/p>\n<\/div>\n<\/div><\/div><\/div><\/div><\/div>","protected":false},"excerpt":{"rendered":"<p>Institut de G\u00e9n\u00e9tique Mol\u00e9culaire de Montpellier (IGMM) &#8211; UMR5535 Address: 1919 route de Mende, 34293 Montpellier Cedex 5 Phone: +33(0)4 34 35 96 05 Fax: +33(0)4 34 35 96 34 Publication Director: Etienne SCHWOB Webmaster: Sarah ADELE PERRAMOND &nbsp; Protection des informations nominatives Conform\u00e9ment \u00e0 la loi n\u00b0 78-17 du 6 janvier 1978, relative \u00e0 l&#8217;Informatique, aux fichiers et aux &hellip; <a href=\"https:\/\/www.igmm.cnrs.fr\/en\/legal-notice\/\" class=\"more-link\">Continue reading <span class=\"screen-reader-text\">Legal Notice<\/span><\/a><\/p>\n","protected":false},"author":2,"featured_media":0,"parent":0,"menu_order":60,"comment_status":"closed","ping_status":"closed","template":"","meta":{"footnotes":""},"class_list":["post-2627","page","type-page","status-publish","hentry"],"_links":{"self":[{"href":"https:\/\/www.igmm.cnrs.fr\/en\/wp-json\/wp\/v2\/pages\/2627","targetHints":{"allow":["GET"]}}],"collection":[{"href":"https:\/\/www.igmm.cnrs.fr\/en\/wp-json\/wp\/v2\/pages"}],"about":[{"href":"https:\/\/www.igmm.cnrs.fr\/en\/wp-json\/wp\/v2\/types\/page"}],"author":[{"embeddable":true,"href":"https:\/\/www.igmm.cnrs.fr\/en\/wp-json\/wp\/v2\/users\/2"}],"replies":[{"embeddable":true,"href":"https:\/\/www.igmm.cnrs.fr\/en\/wp-json\/wp\/v2\/comments?post=2627"}],"version-history":[{"count":13,"href":"https:\/\/www.igmm.cnrs.fr\/en\/wp-json\/wp\/v2\/pages\/2627\/revisions"}],"predecessor-version":[{"id":8201,"href":"https:\/\/www.igmm.cnrs.fr\/en\/wp-json\/wp\/v2\/pages\/2627\/revisions\/8201"}],"wp:attachment":[{"href":"https:\/\/www.igmm.cnrs.fr\/en\/wp-json\/wp\/v2\/media?parent=2627"}],"curies":[{"name":"wp","href":"https:\/\/api.w.org\/{rel}","templated":true}]}}