{"id":6589,"date":"2022-01-15T11:16:20","date_gmt":"2022-01-15T10:16:20","guid":{"rendered":"https:\/\/www.igmm.cnrs.fr\/students\/newcomers-guide\/"},"modified":"2022-01-16T09:48:30","modified_gmt":"2022-01-16T08:48:30","slug":"newcomers-guide","status":"publish","type":"page","link":"https:\/\/www.igmm.cnrs.fr\/en\/students\/newcomers-guide\/","title":{"rendered":"Newcomers\u2019 Guide"},"content":{"rendered":"<div id=\"pl-6589\"  class=\"panel-layout\" ><div id=\"pg-6589-0\"  class=\"panel-grid panel-no-style\" ><div id=\"pgc-6589-0-0\"  class=\"panel-grid-cell\" ><div id=\"panel-6589-0-0-0\" class=\"so-panel widget widget_sow-editor panel-first-child\" data-index=\"0\" ><div\n\t\t\t\n\t\t\tclass=\"so-widget-sow-editor so-widget-sow-editor-base\"\n\t\t\t\n\t\t>\n<div class=\"siteorigin-widget-tinymce textwidget\">\n\t<h5 style=\"text-align: center;\"><strong><span style=\"color: #000080;\">What to do when you arrive in France<\/span><\/strong><\/h5>\n<p style=\"text-align: center;\">This roadmap is intended as a general guide for IGMM newcomers to facilitate settling into your life in Montpellier.<br \/>\nPlease note that the documents and steps may vary depending on your country of origin, work permit, university agreements, type of contract, etc.<\/p>\n<p><img loading=\"lazy\" decoding=\"async\" class=\"aligncenter wp-image-6695 size-large\" src=\"https:\/\/www.igmm.cnrs.fr\/wp-content\/uploads\/2022\/01\/integration-g22c098ada_1920-1024x456.jpg\" alt=\"\" width=\"660\" height=\"294\" srcset=\"https:\/\/www.igmm.cnrs.fr\/wp-content\/uploads\/2022\/01\/integration-g22c098ada_1920-1024x456.jpg 1024w, https:\/\/www.igmm.cnrs.fr\/wp-content\/uploads\/2022\/01\/integration-g22c098ada_1920-450x200.jpg 450w, https:\/\/www.igmm.cnrs.fr\/wp-content\/uploads\/2022\/01\/integration-g22c098ada_1920-768x342.jpg 768w, https:\/\/www.igmm.cnrs.fr\/wp-content\/uploads\/2022\/01\/integration-g22c098ada_1920-1536x684.jpg 1536w, https:\/\/www.igmm.cnrs.fr\/wp-content\/uploads\/2022\/01\/integration-g22c098ada_1920.jpg 1920w\" sizes=\"auto, (max-width: 660px) 100vw, 660px\" \/><\/p>\n<p>&nbsp;<\/p>\n<\/div>\n<\/div><\/div><div id=\"panel-6589-0-0-1\" class=\"so-panel widget widget_sow-editor\" data-index=\"1\" ><div\n\t\t\t\n\t\t\tclass=\"so-widget-sow-editor so-widget-sow-editor-base\"\n\t\t\t\n\t\t><h3 class=\"widget-title\">PAPERWORK :<\/h3>\n<div class=\"siteorigin-widget-tinymce textwidget\">\n\t<div class=\"signature-style\">\n<h4><strong style=\"font-size: 22px; letter-spacing: 0px;\"><span style=\"color: #008000;\">1) Get a French phone number ASAP<\/span><\/strong><\/h4>\n<\/div>\n<pre><img loading=\"lazy\" decoding=\"async\" class=\"alignleft wp-image-6670\" src=\"https:\/\/www.igmm.cnrs.fr\/wp-content\/uploads\/2022\/01\/iphone-g578e05e55_640-450x459.png\" alt=\"\" width=\"150\" height=\"153\" srcset=\"https:\/\/www.igmm.cnrs.fr\/wp-content\/uploads\/2022\/01\/iphone-g578e05e55_640-450x459.png 450w, https:\/\/www.igmm.cnrs.fr\/wp-content\/uploads\/2022\/01\/iphone-g578e05e55_640.png 627w\" sizes=\"auto, (max-width: 150px) 100vw, 150px\" \/>It\u2019s needed to open a bank account in France so that you can be paid.\n<strong><u>How :<\/u><\/strong> \n-\u00a0 Choose a company that you like (e.g. Free, Orange, Bouygues, SFR, Sosh, ...)\n-\u00a0 Order the SIM card <em>(forfait)<\/em> online. \n-\u00a0 You will need a local address (it can be temporary)<\/pre>\n<h5><\/h5>\n<p>&nbsp;<\/p>\n<p>&nbsp;<\/p>\n<h5><strong><span style=\"color: #008000;\">2) Open a bank account<\/span><\/strong><\/h5>\n<pre><img loading=\"lazy\" decoding=\"async\" class=\"alignleft wp-image-6673\" src=\"https:\/\/www.igmm.cnrs.fr\/wp-content\/uploads\/2022\/01\/bank-geff1aec1c_640-450x293.png\" alt=\"\" width=\"180\" height=\"117\" srcset=\"https:\/\/www.igmm.cnrs.fr\/wp-content\/uploads\/2022\/01\/bank-geff1aec1c_640-450x293.png 450w, https:\/\/www.igmm.cnrs.fr\/wp-content\/uploads\/2022\/01\/bank-geff1aec1c_640.png 640w\" sizes=\"auto, (max-width: 180px) 100vw, 180px\" \/>You will need it to get your salary and to do a transaction in France.\n<strong><u>How :<\/u><\/strong>\n-\u00a0 Find\u00a0 a bank, they are all similar\u2026. (La Banque Postale, Banque Populaire, BNP Paribas, \u2026)\n-\u00a0 Bring to the bank office to set up an account :\n<span style=\"color: #008000;\">\u2714\u00a0<\/span> Your French phone number\n<span style=\"color: #008000;\">\u2714<\/span>\u00a0 Your French address1\n<span style=\"color: #008000;\">\u2714<\/span>\u00a0 Your ID (piece d\u2019identite)\n<span style=\"color: #008000;\">\u2714<\/span>\u00a0 Your employment contract (not necessary for Masters\u2019 students)\n<span style=\"color: #008000;\">\u2714<\/span> \u201cStudent certificate\u201d (Certificat de scolarit\u00e9) issued by the UM \nor convention d\u2019accueil for non-EU students (only for PhD or Masters\u2019 students)\nAsk for a <u>bank card<\/u> (VISA, Mastercard, \u2026). The bank usually only gives \u201c<u>debit <\/u>card\u201d to newcomers.\nAlthough not essential, having a <u>checkbook<\/u> might come in handy in some situations where credit cards are not accepted.<\/pre>\n<p>&nbsp;<\/p>\n<div class=\"caption-style\">\n<h5><strong><span style=\"color: #008000;\">3) Get your residence permit* <\/span><\/strong><span style=\"color: #008000;\"><span style=\"color: #000000;\"><em><span style=\"color: #000000;\">(titre de s\u00e9jour)<\/span><\/em><\/span><\/span><\/h5>\n<\/div>\n<pre><strong><img loading=\"lazy\" decoding=\"async\" class=\"alignleft wp-image-6677\" src=\"https:\/\/www.igmm.cnrs.fr\/wp-content\/uploads\/2022\/01\/graphic-ge489943b9_640-450x276.png\" alt=\"\" width=\"220\" height=\"135\" srcset=\"https:\/\/www.igmm.cnrs.fr\/wp-content\/uploads\/2022\/01\/graphic-ge489943b9_640-450x276.png 450w, https:\/\/www.igmm.cnrs.fr\/wp-content\/uploads\/2022\/01\/graphic-ge489943b9_640.png 640w\" sizes=\"auto, (max-width: 220px) 100vw, 220px\" \/>*<\/strong>Only for non-EU nationals. \nCompulsory to apply for the <em>titre de sejour<\/em> no later than the 3 months after your arrival.\n<strong><u>How:<\/u><\/strong>\n- Get an appointment with <a href=\"https:\/\/languedoc-roussillon-universites.fr\/en\/saiec\" target=\"_blank\" rel=\"noopener\">\u201cService Accueil International \u00c9tudiants\/Chercheurs\u201d (SAIEC<\/a>).\nThe website has an English version. The staff are great and they will guide you to get an appointment \nat the City Hall <em>(Prefecture)<\/em>, and help you with any other issues you may have.<\/pre>\n<h5><\/h5>\n<h5><span style=\"color: #008000;\"><strong>4) Get access to social security<\/strong><\/span> <strong>(public healthcare) <em>(Assurance Maladie)<\/em><\/strong><\/h5>\n<pre><img loading=\"lazy\" decoding=\"async\" class=\"alignleft wp-image-6680\" src=\"https:\/\/www.igmm.cnrs.fr\/wp-content\/uploads\/2022\/01\/telecharger.jpg\" alt=\"\" width=\"200\" height=\"102\" \/>Get your social security number and social security card <em>(Carte vitale)<\/em>\n<strong><u>How:<\/u><\/strong>\n-\u00a0 Bring documents in person to:\nCPAM de l'H\u00e9rault - Montpellier Gambetta\n29 Cr Gambetta, 34000 Montpellier\n\n- If you come to Montpellier with a <em>\u201cPassport talent\u201d,<\/em> send your documents by post to:\n<strong>Assurance Maladie<\/strong>\n<strong>SRI\/Talents<\/strong>\n<strong>75948 PARIS Cedex 19<\/strong>\n\n-\u00a0 Documents needed<a href=\"#_ftn1\" name=\"_ftnref1\"><sup>[1]<\/sup><\/a>:\n\u2714   <a href=\"https:\/\/www.igmm.cnrs.fr\/wp-content\/uploads\/2022\/01\/s1106_-_demande_puma_-_assurance_maladie.pdf\" target=\"_blank\" rel=\"noopener\">A \"demande d\u2019overture des droits \u00e0 l\u2019assurance maladie\"<\/a> (you\u2019ll need a French address, a temporary one will do)\n\u2714  \u00a0Your birth certificate <em>(acte d\u2019\u00e9tat civil)<\/em><a href=\"#_ftn2\" name=\"_ftnref2\"><sup>[2]<\/sup><\/a>\n\u2714  \u00a0A copy of your ID (titre de s\u00e9jour and others if no-EU)\n\u2714  \u00a0A copy of your contract or a payslip <em>(bulletin de paie)<\/em>\n\u2714  \u00a0Your RIB<a href=\"#_ftn3\" name=\"_ftnref3\"><sup>[3]<\/sup><\/a> (<em>Releve d\u2019identite Bancaire<\/em>)\n- Google <a href=\"https:\/\/www.igmm.cnrs.fr\/wp-content\/uploads\/2022\/01\/s1106_-_demande_puma_-_assurance_maladie.pdf\" target=\"_blank\" rel=\"noopener\">\u201cdemande d\u2019ouverture des droits \u00e0 l\u2019assurance maladie\u201d<\/a> to download the document. \nThere, you will find the list of the documents needed.\n\n<\/pre>\n<pre style=\"text-align: justify;\">Put all these documents in an envelope and leave it in the mailbox inside IGMM (send by post if you are submitting \nthem to Paris).\nYou should receive the <em>Carte vitale <\/em>with your social security number <em>(numero assurance maladie)<\/em> by reply mail \nin ~1 month.\nIf need to see a doctor before you get your <em>Carte vitale<\/em>, your medical expenses will still be covered \nby the Social Security (SS) as long as you have the SS ID number.\nYou can then set up your online account for the health insurance (<em>Assurance maladie)<\/em> in <a href=\"https:\/\/www.ameli.fr\/\" target=\"_blank\" rel=\"noopener\">ameli.fr<\/a>.\nAsk for a \u201c<strong>European Healthcare card\u201d<\/strong> on your online account if you travel around the EU.\n\n<\/pre>\n<pre>NB: it is possible to get a complementary insurance <em>(mutuelle)<\/em> (e.g. LMDE or Heyme) to cover costs that the \ngovernment-based Assurance maladie does not cover<\/pre>\n<hr \/>\n<div class=\"caption-style\">\n<pre style=\"text-align: justify;\"><a href=\"#_ftnref1\" name=\"_ftn1\">[1]<\/a> This is a standard list, documentation may vary depending on nationality, work status, etc. \nYou may need to submit additional documentation.Visit <a href=\"http:\/\/impots.gouv.fr\/\" target=\"_blank\" rel=\"noopener\">http:\/\/impots.gouv.fr\/<\/a> for further information.\n<a href=\"#_ftnref2\" name=\"_ftn2\">[2]<\/a> Check languages accepted, and translate it to French by an accepted official translator if necessary\n(there are several agencies that do that, e.g. <a href=\"https:\/\/www.traducteur-assermente-montpellier.fr\/\" target=\"_blank\" rel=\"noopener\">https:\/\/www.traducteur-assermente-montpellier.fr\/<\/a>. \nMake sure you get a quote for the price before you choose one)\n<a href=\"#_ftnref3\" name=\"_ftn3\">[3]<\/a> A RIB is a piece of paper that contains your bank account information in a specific format. \nYou will be able to download from your online bank account. \nIt is what you need to give when asked for your bank account number.<\/pre>\n<\/div>\n<\/div>\n<\/div><\/div><div id=\"panel-6589-0-0-2\" class=\"so-panel widget widget_sow-editor panel-last-child\" data-index=\"2\" ><div\n\t\t\t\n\t\t\tclass=\"so-widget-sow-editor so-widget-sow-editor-base\"\n\t\t\t\n\t\t>\n<div class=\"siteorigin-widget-tinymce textwidget\">\n\t<h5><span style=\"color: #008000;\">5) <strong>Get a tax ID number<\/strong><\/span> <em>(numero fiscal)<\/em><\/h5>\n<pre style=\"text-align: justify;\"><img loading=\"lazy\" decoding=\"async\" class=\"alignleft wp-image-6683\" src=\"https:\/\/www.igmm.cnrs.fr\/wp-content\/uploads\/2022\/01\/tax-g970f5251c_640-450x334.png\" alt=\"\" width=\"200\" height=\"148\" srcset=\"https:\/\/www.igmm.cnrs.fr\/wp-content\/uploads\/2022\/01\/tax-g970f5251c_640-450x334.png 450w, https:\/\/www.igmm.cnrs.fr\/wp-content\/uploads\/2022\/01\/tax-g970f5251c_640.png 640w\" sizes=\"auto, (max-width: 200px) 100vw, 200px\" \/>There is no urgency here, but you will need it for your tax declaration <em>(declaration des revenus)<\/em> \n<u>online<\/u> (to do in June of every year to declare your income of the year before). \nIf you don\u2019t have a <em>numero fiscal<\/em> when you do your first declaration you can still submit \nyour tax declaration by post and a fiscal number will be given to you.\n\n<\/pre>\n<pre>There are several ways of obtaining the fiscal number. Visit <a href=\"http:\/\/impots.gouv.fr\/\">http:\/\/impots.gouv.fr\/<\/a> for more info.\nHere\u2019s how to obtain it with the <em>numero assurance maladie<\/em> <em>(\u201cNumero fiscal avec numero assurance maladie<\/em>\u201d<em>):\n\n<\/em><\/pre>\n<pre>- Go to <a href=\"http:\/\/impots.gouv.fr\/\" target=\"_blank\" rel=\"noopener\">http:\/\/impots.gouv.fr\/<\/a> \n\u2192 Click on CONTACT - Acc\u00e9der \u2192 Vous \u00eates: Particulier\n\u2192 Votre demande concerne: l'acc\u00e8s \u00e0 votre espace particulier\n\u2192 Au sujet de : Je n'ai pas de num\u00e9ro fiscal. Click to the link \u201cAcc\u00e8s au formulaire\u201d fill it in and follow the instructions to send by e-mail:\n<span style=\"color: #008000;\">\u2714<\/span> Completed document \u00ab demande de cr\u00e9ation d\u2019un taux personnalis\u00e9 et \u2044 ou d\u2019acomptes de pr\u00e9l\u00e8vement \u00e0 la source \u00bb\n<span style=\"color: #008000;\">\u2714<\/span> Copy of ID <em>(carte d\u2019identit\u00e9, passeport)\n<\/em><span style=\"color: #008000;\">\u2714<\/span> Copie of carte vitale\nOnce you have a fiscal number you can do the declaration \u201c<em>d\u2019imp\u00f4ts en ligne<\/em>\u201d trough your personal area in <a href=\"http:\/\/impots.gouv.fr\/\">http:\/\/impots.gouv.fr\/<\/a> <a href=\"#_ftn1\" name=\"_ftnref1\"><sup>[1]<\/sup><\/a>\nAlso, note that you will have to pay a tax on your apartment\/flat.\nIt can be quite expensive (it is best to find out how much when you rent the apartment\/flat) and applies to a place you occupy on January 1 each year.\n\n<\/pre>\n<p>&nbsp;<\/p>\n<h5><span style=\"color: #008000;\"><strong>FINDING AN APPARTMENT :<\/strong><\/span><\/h5>\n<pre><strong><span style=\"color: #008000;\">\n<img loading=\"lazy\" decoding=\"async\" class=\"size-full wp-image-6688 aligncenter\" src=\"https:\/\/www.igmm.cnrs.fr\/wp-content\/uploads\/2022\/01\/telecharger-1.jpg\" alt=\"\" width=\"421\" height=\"96\" \/>A. If you are a student<\/span><\/strong> (Undergrads, Erasmus, MScs, PhDs, etc) you are eligible to apply for accommodation\nin the <strong><a href=\"https:\/\/www.crous-montpellier.fr\/\" target=\"_blank\" rel=\"noopener\"><span style=\"color: #008000;\">Centre r\u00e9gional des \u0153uvres universitaires et scolaires (CROUS)<\/span><\/a>. <\/strong>(Minimum stay of 3 months)\nTo apply for it, log in to this website <a href=\"https:\/\/www.messervices.etudiant.gouv.fr\/envole\/\" target=\"_blank\" rel=\"noopener\">https:\/\/www.messervices.etudiant.gouv.fr\/envole\/<\/a>.\nThis can be done before you arrive to Montpellier).\nIn <a href=\"https:\/\/www.lokaviz.fr\/\" target=\"_blank\" rel=\"noopener\"><span style=\"color: #008000;\"><strong>Lokaviz.fr<\/strong><\/span><\/a> you may find apartments\/flats for students rented by private individuals.\n\n<\/pre>\n<pre><span style=\"color: #008000;\"><strong>B. If you are not a student,<\/strong><\/span> or you prefer to live in a \u201cclassic\u201d apartment\/flat,<img loading=\"lazy\" decoding=\"async\" class=\"alignleft wp-image-6686\" src=\"https:\/\/www.igmm.cnrs.fr\/wp-content\/uploads\/2022\/01\/house-g0883df754_640-450x252.png\" alt=\"\" width=\"180\" height=\"101\" srcset=\"https:\/\/www.igmm.cnrs.fr\/wp-content\/uploads\/2022\/01\/house-g0883df754_640-450x252.png 450w, https:\/\/www.igmm.cnrs.fr\/wp-content\/uploads\/2022\/01\/house-g0883df754_640.png 640w\" sizes=\"auto, (max-width: 180px) 100vw, 180px\" \/>\nhere\u2019s some useful information:\n<a href=\"https:\/\/www.leboncoin.fr\/\" target=\"_blank\" rel=\"noopener\">Leboncoin.fr<\/a> is a useful website with apartments\/flats both from private individuals and agencies.\nYou will need:\n<span style=\"color: #008000;\">\u2714\u00a0 <\/span>RIB\n<span style=\"color: #008000;\">\u2714 <\/span> Work contract with salary or work contract and pay slip\n<span style=\"color: #008000;\">\u2714 <\/span>\u00a0Insurance <em>(assurance)<\/em><a href=\"#_ftn2\" name=\"_ftnref2\"><sup>[2]<\/sup><\/a> (e.g. MAIF, AXA<a href=\"#_ftn3\" name=\"_ftnref3\"><sup>[3]<\/sup><\/a>, ADH, with your bank)\n<span style=\"color: #008000;\">\u2714 <\/span> (Guarantor <em>(garant)<\/em>)<a href=\"#_ftn4\" name=\"_ftnref4\">[4]<\/a>\n\n<\/pre>\n<pre style=\"text-align: justify;\">Usually, the charges included in the rent are cold water and common costs of the building (garbage, cleaning, etc).\nThe good apartments\/flats are rented fast, make sure you have all your documents ready and be quick!<\/pre>\n<pre>If you need to get electricity\/gas, you can apply online through the website of you company of choice (e.g. EDF, ENGIE).<\/pre>\n<pre>Find out if you are eligible for financial aid via APL (<em>aide personnelle au logement<\/em>) from la <a href=\"https:\/\/www.caf.fr\/\" target=\"_blank\" rel=\"noopener\">Caisse d'allocations familiales (CAF)<\/a>.<\/pre>\n<pre>Some small agencies and private individuals do not ask for a guarantor, but in most cases you need one\n(including for renting a room at the CROUS). The guarantor can be an individual based in France,\nbut fortunately it can also be an institution. For people under the age of 30 (but over 18),\nthere is a nationwide system called Visale (<a href=\"https:\/\/www.visale.fr\/\" target=\"_blank\" rel=\"noopener\">https:\/\/www.visale.fr\/<\/a>), it is reliable, cheap and easy to use.\nUnfortunately, the website is in French so you may have to ask someone to help you apply.\nFor people over 30 there are some private organizations, e.g. Garantme (<a href=\"https:\/\/garantme.fr\/\" target=\"_blank\" rel=\"noopener\">https:\/\/garantme.fr\/<\/a>),\na bit more expensive, but worth exploring.<\/pre>\n<pre>For further information refer to this website:\n<a href=\"https:\/\/www.euraxess.fr\/france\/information-assistance\" target=\"_blank\" rel=\"noopener\">https:\/\/www.euraxess.fr\/france\/information-assistance<\/a><\/pre>\n<p>&nbsp;<\/p>\n<p>&nbsp;<\/p>\n<p><span style=\"color: #008000;\"><strong>OTHER INFO :<\/strong><\/span><\/p>\n<ul>\n<li>\n<pre><strong><span style=\"color: #008000;\">Public transport<\/span> :<\/strong> it is useful to download the TaM and M\u2019Tiket apps.\n(CNRS can reimburse a percentage of the expenses for traveling to work by public transport)<\/pre>\n<\/li>\n<li>\n<pre>You may be asked for a <strong>proof of residence<\/strong> <em>(attestation de residence)<\/em>.<\/pre>\n<\/li>\n<li>\n<pre><span style=\"color: #008000;\"><strong>School holidays<\/strong> <\/span><em>(vaccances scolaires)<\/em> vary depending on the area of France.\nSome activities stop during this period. (e.g. IGMM internal seminars, some extracurricular activities\u2026)<\/pre>\n<\/li>\n<li>\n<pre>The university offers free sport classes for students:(<a href=\"https:\/\/www.umontpellier.fr\/campus\/sport\" target=\"_blank\" rel=\"noopener\">https:\/\/www.umontpellier.fr\/campus\/sport<\/a>)<\/pre>\n<\/li>\n<li>\n<pre><strong><span style=\"color: #008000;\">Learning French<\/span> : <\/strong>The University of Montpellier offers free evening courses for PhD students through ADUM.\nThe Centre de Fran\u00e7ais Langue Etrang\u00e8re (CFLE) is in partnership with the university, \nand several research centers and also offers evening courses.Several private French schools are available \nin the city center (eg. Institut Moulin), although slightly more expensive the groups are smaller \nand might have more suitable schedules.<\/pre>\n<\/li>\n<\/ul>\n<div class=\"caption-style\"><a href=\"#_ftnref1\" name=\"_ftn1\">[1]<\/a> Note that the websites impots.gouv.fr and Amelie.fr are linked through FranceConnect and you may log in to one or the other with the number and password of both.<br \/>\n<a href=\"#_ftnref2\" name=\"_ftn2\">[2]<\/a> Your insurance needs to include a civil liability policy <em>(assurance responsabilit\u00e9 civile)<\/em>.<br \/>\n<a href=\"#_ftnref3\" name=\"_ftn3\">[3]<\/a> Discount with EURAXESS registration number. Contact The EURAXESS Occitanie Est Services Centre to obtain it.<\/div>\n<p><a href=\"#_ftnref4\" name=\"_ftn4\"><\/a><\/p>\n<\/div>\n<\/div><\/div><\/div><\/div><\/div>","protected":false},"excerpt":{"rendered":"<p>What to do when you arrive in France This roadmap is intended as a general guide for IGMM newcomers to facilitate settling into your life in Montpellier. Please note that the documents and steps may vary depending on your country of origin, work permit, university agreements, type of contract, etc. &nbsp; 1) Get a French phone number ASAP It\u2019s needed &hellip; <a href=\"https:\/\/www.igmm.cnrs.fr\/en\/students\/newcomers-guide\/\" class=\"more-link\">Continue reading <span class=\"screen-reader-text\">Newcomers\u2019 Guide<\/span><\/a><\/p>\n","protected":false},"author":4,"featured_media":0,"parent":2417,"menu_order":0,"comment_status":"closed","ping_status":"closed","template":"","meta":{"footnotes":""},"class_list":["post-6589","page","type-page","status-publish","hentry"],"_links":{"self":[{"href":"https:\/\/www.igmm.cnrs.fr\/en\/wp-json\/wp\/v2\/pages\/6589","targetHints":{"allow":["GET"]}}],"collection":[{"href":"https:\/\/www.igmm.cnrs.fr\/en\/wp-json\/wp\/v2\/pages"}],"about":[{"href":"https:\/\/www.igmm.cnrs.fr\/en\/wp-json\/wp\/v2\/types\/page"}],"author":[{"embeddable":true,"href":"https:\/\/www.igmm.cnrs.fr\/en\/wp-json\/wp\/v2\/users\/4"}],"replies":[{"embeddable":true,"href":"https:\/\/www.igmm.cnrs.fr\/en\/wp-json\/wp\/v2\/comments?post=6589"}],"version-history":[{"count":67,"href":"https:\/\/www.igmm.cnrs.fr\/en\/wp-json\/wp\/v2\/pages\/6589\/revisions"}],"predecessor-version":[{"id":6701,"href":"https:\/\/www.igmm.cnrs.fr\/en\/wp-json\/wp\/v2\/pages\/6589\/revisions\/6701"}],"up":[{"embeddable":true,"href":"https:\/\/www.igmm.cnrs.fr\/en\/wp-json\/wp\/v2\/pages\/2417"}],"wp:attachment":[{"href":"https:\/\/www.igmm.cnrs.fr\/en\/wp-json\/wp\/v2\/media?parent=6589"}],"curies":[{"name":"wp","href":"https:\/\/api.w.org\/{rel}","templated":true}]}}